{"id":85952,"date":"2022-03-15T15:25:53","date_gmt":"2022-03-15T14:25:53","guid":{"rendered":"https:\/\/www.cannamela.it\/chi-siamo\/"},"modified":"2022-09-15T12:49:30","modified_gmt":"2022-09-15T10:49:30","slug":"quienes-somos","status":"publish","type":"page","link":"https:\/\/www.cannamela.it\/es\/quienes-somos\/","title":{"rendered":"Qui\u00e9nes somos"},"content":{"rendered":"<section id=\"herostandard-block_6230a1be9f26e\" class=\"herostandard-block hero--standard-wrapper\" style=\"background: url('https:\/\/www.cannamela.it\/wp-content\/uploads\/2022\/03\/about.jpg'); background-size:cover; background-position:center;\">\n    <div class=\"container-fluid\">\n        <div class=\"row\">\n            <div class=\"col-lg-8 offset-lg-2 col-xs-12\">\n                <h1 class=\"has-white-color\">Desde hace m\u00e1s de 60 a\u00f1os llevamos a las mesas de los consumidores las mejores especias y hierbas arom\u00e1ticas, que seleccionamos cuidadosamente en todo el mundo.<\/h1>\n            <\/div>\n        <\/div>\n    <\/div>\n    <p class=\"has-white-color\">Scroll to discover<\/p>\n<\/section>\n\n\n    <section id=\"sideoverlap-block_623b1d7ba3242\" class=\"sideoverlap-block side--overlap-wrapper container-fluid\">\n        <div class=\"side--overlap-titlearea\">\n            <div class=\"row\">\n                <div class=\"col-lg-10 offset-lg-1\">\n                    <h2>Innovadores al servicio de la sostenibilidad<\/h2>\n                <\/div>\n            <\/div>\n        <\/div>\n        <div class=\"side--overlap-textimage\">\n            <div class=\"row parallax-comp\">\n                <div class=\"col-lg-8 offset-lg-1 col-md-10 offset-md-1\">\n                    <div class=\"row--textarea row\">\n                        <div class=\"col--textarea col-md-6 parallax-elem\" data-speed=\"0.1\">\n                            <p>Solo buscamos la excelencia. La calidad de nuestros productos nace de la atenci\u00f3n que prestamos a todas las etapas de la producci\u00f3n: desde la selecci\u00f3n de los mejores territorios de origen hasta la relaci\u00f3n con los productores, sin olvidar el control de las fases de transformaci\u00f3n ni la elecci\u00f3n de recursos sostenibles.<\/p>\n                            <div class=\"row\">\n                                <div class=\"col-auto\">\n                                                                    <a class=\"cta cta--secondary\" href=\"\/es\/quienes-somos\/calidad-sostenibilidad\/\" target=\"_self\">\n                                        <div class=\"cta--text\">Calidad y sostenibilidad<\/div>\n                                        <div class=\"cta--icon\">\n                                            <svg width=\"18\" height=\"14\" viewBox=\"0 0 18 14\" fill=\"none\" xmlns=\"http:\/\/www.w3.org\/2000\/svg\">\n                                                <path fill-rule=\"evenodd\" clip-rule=\"evenodd\" d=\"M16.986 7.57329L17.6447 7.00601L17.0021 6.4506C16.992 6.4414 16.9817 6.43247 16.9711 6.42382L10.4616 0.797577C10.1482 0.526716 9.67463 0.561185 9.40377 0.874566C9.13291 1.18795 9.16737 1.66157 9.48076 1.93243L14.4815 6.25465L0.75 6.25465C0.335787 6.25465 2.09475e-08 6.59044 0 7.00465C-2.09484e-08 7.41886 0.335787 7.75465 0.75 7.75465L14.4769 7.75465L12.7444 9.24672L12.7434 9.24758L9.48075 12.0676C9.16737 12.3384 9.13291 12.8121 9.40377 13.1254C9.67463 13.4388 10.1482 13.4733 10.4616 13.2024L13.7233 10.3833L13.7243 10.3824L16.986 7.57329Z\" fill=\"#FFF\"\/>\n                                            <\/svg>\n                                        <\/div>\n                                    <\/a>\n                                                                                                <\/div>\n                            <\/div>\n                        <\/div>\n                        <div class=\"col--image col-md-6 parallax-elem\" data-speed=\"0.2\">\n                                                    <img decoding=\"async\" src=\"https:\/\/www.cannamela.it\/wp-content\/uploads\/2022\/09\/Senza-titolo-1.jpeg\" alt=\"watefall\" \/>\n                                                <\/div>\n                    <\/div>\n                <\/div>\n            <\/div>\n        <\/div>\n    <\/section>\n    \n\n\n    <section id=\"sideoverlap-block_623b1fd4b8378\" class=\"sideoverlap-block side--overlap-wrapper container-fluid\">\n        <div class=\"side--overlap-titlearea\">\n            <div class=\"row\">\n                <div class=\"col-lg-7 offset-lg-3\">\n                    <h2>Especialistas desde 1956<\/h2>\n                <\/div>\n            <\/div>\n        <\/div>\n        <div class=\"side--overlap-textimage\">\n            <div class=\"row parallax-comp\">\n                <div class=\"col-lg-8 offset-lg-2 col-md-10 offset-md-1\">\n                    <div class=\"row--textarea side--overlap-reverse row\">\n                        <div class=\"col--textarea col-md-6 parallax-elem\" data-speed=\"0.1\">\n                            <p>Un viaje que est\u00e1 en continua evoluci\u00f3n desde hace m\u00e1s de medio siglo. Con curiosidad y pasi\u00f3n hemos desarrollado un profundo conocimiento del mundo de las especias. Gracias a esta valiosa experiencia, sabemos potenciar y respetar las peculiaridades de cada una de ellas.<\/p>\n                            <div class=\"row\">\n                                <div class=\"col-auto\">\n                                                                    <a class=\"cta cta--secondary\" href=\"\/es\/historia\/\" target=\"_self\">\n                                        <div class=\"cta--text\">Nuestra historia<\/div>\n                                        <div class=\"cta--icon\">\n                                            <svg width=\"18\" height=\"14\" viewBox=\"0 0 18 14\" fill=\"none\" xmlns=\"http:\/\/www.w3.org\/2000\/svg\">\n                                                <path fill-rule=\"evenodd\" clip-rule=\"evenodd\" d=\"M16.986 7.57329L17.6447 7.00601L17.0021 6.4506C16.992 6.4414 16.9817 6.43247 16.9711 6.42382L10.4616 0.797577C10.1482 0.526716 9.67463 0.561185 9.40377 0.874566C9.13291 1.18795 9.16737 1.66157 9.48076 1.93243L14.4815 6.25465L0.75 6.25465C0.335787 6.25465 2.09475e-08 6.59044 0 7.00465C-2.09484e-08 7.41886 0.335787 7.75465 0.75 7.75465L14.4769 7.75465L12.7444 9.24672L12.7434 9.24758L9.48075 12.0676C9.16737 12.3384 9.13291 12.8121 9.40377 13.1254C9.67463 13.4388 10.1482 13.4733 10.4616 13.2024L13.7233 10.3833L13.7243 10.3824L16.986 7.57329Z\" fill=\"#FFF\"\/>\n                                            <\/svg>\n                                        <\/div>\n                                    <\/a>\n                                                                                                <\/div>\n                            <\/div>\n                        <\/div>\n                        <div class=\"col--image col-md-6 parallax-elem\" data-speed=\"0.2\">\n                                                            <img decoding=\"async\" src=\"https:\/\/www.cannamela.it\/wp-content\/uploads\/2022\/09\/Rectangle-7601-min.jpeg\" alt=\"specialist\" \/>\n                                                    <\/div>\n                    <\/div>\n                <\/div>\n            <\/div>\n        <\/div>\n    <\/section>\n\n    \n\n\n    <section id=\"sideoverlap-block_623b262428cc3\" class=\"sideoverlap-block side--overlap-wrapper container-fluid\">\n        <div class=\"side--overlap-titlearea\">\n            <div class=\"row\">\n                <div class=\"col-lg-10 offset-lg-1\">\n                    <h2>Siempre experimentando con nuevas excelencias<\/h2>\n                <\/div>\n            <\/div>\n        <\/div>\n        <div class=\"side--overlap-textimage\">\n            <div class=\"row parallax-comp\">\n                <div class=\"col-lg-8 offset-lg-1 col-md-10 offset-md-1\">\n                    <div class=\"row--textarea row\">\n                        <div class=\"col--textarea col-md-6 parallax-elem\" data-speed=\"0.1\">\n                            <p>Detr\u00e1s de cada nueva especia y hierba arom\u00e1tica reside el trabajo de cada uno de nosotros. Desde la b\u00fasqueda de materias primas en los mejores cultivos del mundo hasta la cocina experimental, donde las probamos y evaluamos junto con nuestro equipo de expertos en an\u00e1lisis sensorial para satisfacer los gustos de todos los paladares.<\/p>\n                            <div class=\"row\">\n                                <div class=\"col-auto\">\n                                                                    <a class=\"cta cta--secondary\" href=\"\/es\/productos\/\" target=\"_self\">\n                                        <div class=\"cta--text\">Nuestros productos<\/div>\n                                        <div class=\"cta--icon\">\n                                            <svg width=\"18\" height=\"14\" viewBox=\"0 0 18 14\" fill=\"none\" xmlns=\"http:\/\/www.w3.org\/2000\/svg\">\n                                                <path fill-rule=\"evenodd\" clip-rule=\"evenodd\" d=\"M16.986 7.57329L17.6447 7.00601L17.0021 6.4506C16.992 6.4414 16.9817 6.43247 16.9711 6.42382L10.4616 0.797577C10.1482 0.526716 9.67463 0.561185 9.40377 0.874566C9.13291 1.18795 9.16737 1.66157 9.48076 1.93243L14.4815 6.25465L0.75 6.25465C0.335787 6.25465 2.09475e-08 6.59044 0 7.00465C-2.09484e-08 7.41886 0.335787 7.75465 0.75 7.75465L14.4769 7.75465L12.7444 9.24672L12.7434 9.24758L9.48075 12.0676C9.16737 12.3384 9.13291 12.8121 9.40377 13.1254C9.67463 13.4388 10.1482 13.4733 10.4616 13.2024L13.7233 10.3833L13.7243 10.3824L16.986 7.57329Z\" fill=\"#FFF\"\/>\n                                            <\/svg>\n                                        <\/div>\n                                    <\/a>\n                                                                                                <\/div>\n                            <\/div>\n                        <\/div>\n                        <div class=\"col--image col-md-6 parallax-elem\" data-speed=\"0.2\">\n                                                    <img decoding=\"async\" src=\"https:\/\/www.cannamela.it\/wp-content\/uploads\/2022\/09\/unsplash_uaHShoIDGeo-min.jpeg\" alt=\"lunch\" \/>\n                                                <\/div>\n                    <\/div>\n                <\/div>\n            <\/div>\n        <\/div>\n    <\/section>\n    \n\n\n    <section id=\"sideoverlap-block_623b26b328cc4\" class=\"sideoverlap-block side--overlap-wrapper container-fluid\">\n        <div class=\"side--overlap-titlearea\">\n            <div class=\"row\">\n                <div class=\"col-lg-7 offset-lg-3\">\n                    <h2>Siempre en el coraz\u00f3n de los italianos<\/h2>\n                <\/div>\n            <\/div>\n        <\/div>\n        <div class=\"side--overlap-textimage\">\n            <div class=\"row parallax-comp\">\n                <div class=\"col-lg-8 offset-lg-2 col-md-10 offset-md-1\">\n                    <div class=\"row--textarea side--overlap-reverse row\">\n                        <div class=\"col--textarea col-md-6 parallax-elem\" data-speed=\"0.1\">\n                            <p>El amplio surtido de Cannamela est\u00e1 concebido para satisfacer todas las necesidades en la cocina. Y, gracias a ello, a lo largo del tiempo hemos forjado una s\u00f3lida relaci\u00f3n con los consumidores, tanto con los expertos cocineros como con aquellos que a\u00fan tienen mucho que aprender. As\u00ed, nos hemos ganado un lugar de primera fila en las despensas de los italianos.<\/p>\n                            <div class=\"row\">\n                                <div class=\"col-auto\">\n                                                                    <a class=\"cta cta--secondary\" href=\"\/es\/recetas\/\" target=\"_self\">\n                                        <div class=\"cta--text\">Nuestras recetas<\/div>\n                                        <div class=\"cta--icon\">\n                                            <svg width=\"18\" height=\"14\" viewBox=\"0 0 18 14\" fill=\"none\" xmlns=\"http:\/\/www.w3.org\/2000\/svg\">\n                                                <path fill-rule=\"evenodd\" clip-rule=\"evenodd\" d=\"M16.986 7.57329L17.6447 7.00601L17.0021 6.4506C16.992 6.4414 16.9817 6.43247 16.9711 6.42382L10.4616 0.797577C10.1482 0.526716 9.67463 0.561185 9.40377 0.874566C9.13291 1.18795 9.16737 1.66157 9.48076 1.93243L14.4815 6.25465L0.75 6.25465C0.335787 6.25465 2.09475e-08 6.59044 0 7.00465C-2.09484e-08 7.41886 0.335787 7.75465 0.75 7.75465L14.4769 7.75465L12.7444 9.24672L12.7434 9.24758L9.48075 12.0676C9.16737 12.3384 9.13291 12.8121 9.40377 13.1254C9.67463 13.4388 10.1482 13.4733 10.4616 13.2024L13.7233 10.3833L13.7243 10.3824L16.986 7.57329Z\" fill=\"#FFF\"\/>\n                                            <\/svg>\n                                        <\/div>\n                                    <\/a>\n                                                                                                <\/div>\n                            <\/div>\n                        <\/div>\n                        <div class=\"col--image col-md-6 parallax-elem\" data-speed=\"0.2\">\n                                                            <img decoding=\"async\" src=\"https:\/\/www.cannamela.it\/wp-content\/uploads\/2022\/09\/image-49-min.jpeg\" alt=\"dish\" \/>\n                                                    <\/div>\n                    <\/div>\n                <\/div>\n            <\/div>\n        <\/div>\n    <\/section>\n\n    ","protected":false},"excerpt":{"rendered":"","protected":false},"author":2,"featured_media":0,"parent":0,"menu_order":0,"comment_status":"closed","ping_status":"closed","template":"","meta":{"_acf_changed":false,"footnotes":""},"class_list":["post-85952","page","type-page","status-publish","hentry"],"acf":[],"yoast_head":"<!-- This site is optimized with the Yoast SEO plugin v25.3.1 - https:\/\/yoast.com\/wordpress\/plugins\/seo\/ -->\n<title>Qui\u00e9nes somos - Cannamela<\/title>\n<meta name=\"description\" content=\"Sulla ricerca dei profumi di tutto il mondo abbiamo costruito il nostro patrimonio storico, esaltando la qualit\u00e0 delle spezie ed erbe aromatiche per arricchire i sapori di casa.\" \/>\n<meta name=\"robots\" content=\"index, follow, max-snippet:-1, max-image-preview:large, max-video-preview:-1\" \/>\n<link rel=\"canonical\" href=\"https:\/\/www.cannamela.it\/es\/quienes-somos\/\" \/>\n<meta property=\"og:locale\" content=\"es_ES\" \/>\n<meta property=\"og:type\" content=\"article\" \/>\n<meta property=\"og:title\" content=\"Qui\u00e9nes somos - Cannamela\" \/>\n<meta property=\"og:description\" content=\"Sulla ricerca dei profumi di tutto il mondo abbiamo costruito il nostro patrimonio storico, esaltando la qualit\u00e0 delle spezie ed erbe aromatiche per arricchire i sapori di casa.\" \/>\n<meta property=\"og:url\" content=\"https:\/\/www.cannamela.it\/es\/quienes-somos\/\" \/>\n<meta property=\"og:site_name\" content=\"Cannamela\" \/>\n<meta property=\"article:publisher\" content=\"https:\/\/www.facebook.com\/cannamela.spezie\/\" \/>\n<meta property=\"article:modified_time\" content=\"2022-09-15T10:49:30+00:00\" \/>\n<meta name=\"twitter:card\" content=\"summary_large_image\" \/>\n<script type=\"application\/ld+json\" class=\"yoast-schema-graph\">{\"@context\":\"https:\/\/schema.org\",\"@graph\":[{\"@type\":\"WebPage\",\"@id\":\"https:\/\/www.cannamela.it\/es\/quienes-somos\/\",\"url\":\"https:\/\/www.cannamela.it\/es\/quienes-somos\/\",\"name\":\"Qui\u00e9nes somos - Cannamela\",\"isPartOf\":{\"@id\":\"https:\/\/www.cannamela.it\/es\/#website\"},\"datePublished\":\"2022-03-15T14:25:53+00:00\",\"dateModified\":\"2022-09-15T10:49:30+00:00\",\"description\":\"Sulla ricerca dei profumi di tutto il mondo abbiamo costruito il nostro patrimonio storico, esaltando la qualit\u00e0 delle spezie ed erbe aromatiche per arricchire i sapori di casa.\",\"inLanguage\":\"es\",\"potentialAction\":[{\"@type\":\"ReadAction\",\"target\":[\"https:\/\/www.cannamela.it\/es\/quienes-somos\/\"]}]},{\"@type\":\"WebSite\",\"@id\":\"https:\/\/www.cannamela.it\/es\/#website\",\"url\":\"https:\/\/www.cannamela.it\/es\/\",\"name\":\"Cannamela\",\"description\":\"Un nuovo sito targato WordPress\",\"publisher\":{\"@id\":\"https:\/\/www.cannamela.it\/es\/#organization\"},\"potentialAction\":[{\"@type\":\"SearchAction\",\"target\":{\"@type\":\"EntryPoint\",\"urlTemplate\":\"https:\/\/www.cannamela.it\/es\/?s={search_term_string}\"},\"query-input\":{\"@type\":\"PropertyValueSpecification\",\"valueRequired\":true,\"valueName\":\"search_term_string\"}}],\"inLanguage\":\"es\"},{\"@type\":\"Organization\",\"@id\":\"https:\/\/www.cannamela.it\/es\/#organization\",\"name\":\"Cannamela\",\"url\":\"https:\/\/www.cannamela.it\/es\/\",\"logo\":{\"@type\":\"ImageObject\",\"inLanguage\":\"es\",\"@id\":\"https:\/\/www.cannamela.it\/es\/#\/schema\/logo\/image\/\",\"url\":\"https:\/\/www.cannamela.it\/wp-content\/uploads\/2025\/11\/cropped-cropped-Cannamela_logo_326x72.png\",\"contentUrl\":\"https:\/\/www.cannamela.it\/wp-content\/uploads\/2025\/11\/cropped-cropped-Cannamela_logo_326x72.png\",\"width\":1359,\"height\":300,\"caption\":\"Cannamela\"},\"image\":{\"@id\":\"https:\/\/www.cannamela.it\/es\/#\/schema\/logo\/image\/\"},\"sameAs\":[\"https:\/\/www.facebook.com\/cannamela.spezie\/\",\"https:\/\/www.instagram.com\/cannamela_official\/?hl=it\"]}]}<\/script>\n<!-- \/ Yoast SEO plugin. -->","yoast_head_json":{"title":"Qui\u00e9nes somos - Cannamela","description":"Sulla ricerca dei profumi di tutto il mondo abbiamo costruito il nostro patrimonio storico, esaltando la qualit\u00e0 delle spezie ed erbe aromatiche per arricchire i sapori di casa.","robots":{"index":"index","follow":"follow","max-snippet":"max-snippet:-1","max-image-preview":"max-image-preview:large","max-video-preview":"max-video-preview:-1"},"canonical":"https:\/\/www.cannamela.it\/es\/quienes-somos\/","og_locale":"es_ES","og_type":"article","og_title":"Qui\u00e9nes somos - Cannamela","og_description":"Sulla ricerca dei profumi di tutto il mondo abbiamo costruito il nostro patrimonio storico, esaltando la qualit\u00e0 delle spezie ed erbe aromatiche per arricchire i sapori di casa.","og_url":"https:\/\/www.cannamela.it\/es\/quienes-somos\/","og_site_name":"Cannamela","article_publisher":"https:\/\/www.facebook.com\/cannamela.spezie\/","article_modified_time":"2022-09-15T10:49:30+00:00","twitter_card":"summary_large_image","schema":{"@context":"https:\/\/schema.org","@graph":[{"@type":"WebPage","@id":"https:\/\/www.cannamela.it\/es\/quienes-somos\/","url":"https:\/\/www.cannamela.it\/es\/quienes-somos\/","name":"Qui\u00e9nes somos - Cannamela","isPartOf":{"@id":"https:\/\/www.cannamela.it\/es\/#website"},"datePublished":"2022-03-15T14:25:53+00:00","dateModified":"2022-09-15T10:49:30+00:00","description":"Sulla ricerca dei profumi di tutto il mondo abbiamo costruito il nostro patrimonio storico, esaltando la qualit\u00e0 delle spezie ed erbe aromatiche per arricchire i sapori di casa.","inLanguage":"es","potentialAction":[{"@type":"ReadAction","target":["https:\/\/www.cannamela.it\/es\/quienes-somos\/"]}]},{"@type":"WebSite","@id":"https:\/\/www.cannamela.it\/es\/#website","url":"https:\/\/www.cannamela.it\/es\/","name":"Cannamela","description":"Un nuovo sito targato WordPress","publisher":{"@id":"https:\/\/www.cannamela.it\/es\/#organization"},"potentialAction":[{"@type":"SearchAction","target":{"@type":"EntryPoint","urlTemplate":"https:\/\/www.cannamela.it\/es\/?s={search_term_string}"},"query-input":{"@type":"PropertyValueSpecification","valueRequired":true,"valueName":"search_term_string"}}],"inLanguage":"es"},{"@type":"Organization","@id":"https:\/\/www.cannamela.it\/es\/#organization","name":"Cannamela","url":"https:\/\/www.cannamela.it\/es\/","logo":{"@type":"ImageObject","inLanguage":"es","@id":"https:\/\/www.cannamela.it\/es\/#\/schema\/logo\/image\/","url":"https:\/\/www.cannamela.it\/wp-content\/uploads\/2025\/11\/cropped-cropped-Cannamela_logo_326x72.png","contentUrl":"https:\/\/www.cannamela.it\/wp-content\/uploads\/2025\/11\/cropped-cropped-Cannamela_logo_326x72.png","width":1359,"height":300,"caption":"Cannamela"},"image":{"@id":"https:\/\/www.cannamela.it\/es\/#\/schema\/logo\/image\/"},"sameAs":["https:\/\/www.facebook.com\/cannamela.spezie\/","https:\/\/www.instagram.com\/cannamela_official\/?hl=it"]}]}},"_links":{"self":[{"href":"https:\/\/www.cannamela.it\/es\/wp-json\/wp\/v2\/pages\/85952","targetHints":{"allow":["GET"]}}],"collection":[{"href":"https:\/\/www.cannamela.it\/es\/wp-json\/wp\/v2\/pages"}],"about":[{"href":"https:\/\/www.cannamela.it\/es\/wp-json\/wp\/v2\/types\/page"}],"author":[{"embeddable":true,"href":"https:\/\/www.cannamela.it\/es\/wp-json\/wp\/v2\/users\/2"}],"replies":[{"embeddable":true,"href":"https:\/\/www.cannamela.it\/es\/wp-json\/wp\/v2\/comments?post=85952"}],"version-history":[{"count":9,"href":"https:\/\/www.cannamela.it\/es\/wp-json\/wp\/v2\/pages\/85952\/revisions"}],"predecessor-version":[{"id":86465,"href":"https:\/\/www.cannamela.it\/es\/wp-json\/wp\/v2\/pages\/85952\/revisions\/86465"}],"wp:attachment":[{"href":"https:\/\/www.cannamela.it\/es\/wp-json\/wp\/v2\/media?parent=85952"}],"curies":[{"name":"wp","href":"https:\/\/api.w.org\/{rel}","templated":true}]}}