{"id":85959,"date":"2022-05-17T11:01:39","date_gmt":"2022-05-17T09:01:39","guid":{"rendered":"https:\/\/www.cannamela.it\/chi-siamo\/qualita-sostenibilita\/"},"modified":"2022-09-09T15:47:45","modified_gmt":"2022-09-09T13:47:45","slug":"calidad-sostenibilidad","status":"publish","type":"page","link":"https:\/\/www.cannamela.it\/es\/quienes-somos\/calidad-sostenibilidad\/","title":{"rendered":"Calidad y sostenibilidad"},"content":{"rendered":"<section id=\"herostandard-block_62835eb441963\" class=\"herostandard-block hero--standard-wrapper\" style=\"background: url('https:\/\/www.cannamela.it\/wp-content\/uploads\/2022\/06\/qualita-sostenibilita-header-scaled.jpeg'); background-size:cover; background-position:center;\">\n    <div class=\"container-fluid\">\n        <div class=\"row\">\n            <div class=\"col-lg-8 offset-lg-2 col-xs-12\">\n                <h1 class=\"has-white-color\">Nuestro compromiso con el planeta se demuestra en el cuidado que ponemos en todas las etapas de la cadena de producci\u00f3n, tomando decisiones \u00e9ticas y sostenibles.<\/h1>\n            <\/div>\n        <\/div>\n    <\/div>\n    <p class=\"has-white-color\">Scroll to discover<\/p>\n<\/section>\n\n\n<section id=\"spacing-block_62b0a237586b3\" class=\"spacing-block spacing-l spacing\"><\/section>\n\n\n\n\n<section id=\"sidewithnumbers-block_62835f624cc25\" class=\"sidewithnumbers-block side-withnumbers container-fluid parallax-comp\">\n      <div class=\"side-withnubers--row\">\n        <div class=\"side-number-wrap col-12 col-md-6\">\n      <div class=\"side-number\">\n        <p class=\"typo--primary\">10<\/p>\n      <\/div>\n    <\/div>\n            <img decoding=\"async\" src=\"https:\/\/www.cannamela.it\/wp-content\/uploads\/2022\/06\/Sostenibilita\u0300-1-1.png\" loading=\"lazy\" class=\"col-12 col-md-6\" alt=\"\" \/>\n      <\/div>\n  <div class=\"side-withnubers--copy offset-md-2 col-md-8 offset-lg-4 col-lg-5 col-12 parallax-elem\" data-speed=\"0.25\">\n    <p>Las principales zonas geogr\u00e1ficas, distribuidas en todo el mundo, de las que nos abastecemos. Queremos garantizar al consumidor la mejor calidad, y por esto las seleccionamos directamente en sus lugares de origen.\r\n<br><br>\r\nColaboramos con peque\u00f1as y medianas explotaciones agr\u00edcolas para un proyecto compartido de desarrollo sostenible, basado en el respeto a las personas y a la tierra, aportando conocimientos y tecnolog\u00eda para una relaci\u00f3n duradera. Uno de estos proyectos es el programa de Gesti\u00f3n Integrada de Plagas (GIP), que promueve el uso de m\u00e9todos naturales frente a los plaguicidas qu\u00edmicos. \r\n<br><br>\r\n\u00bfD\u00f3nde est\u00e1n los mejores cultivos de los que nos abastecemos?\r\n<br><br>\r\nPara las especias: India, Indonesia, Sri Lanka, Vietnam, Italia, Europa, Am\u00e9rica del Sur y \u00c1frica Ecuatorial\r\n<br><br>\r\nPara las hierbas arom\u00e1ticas: Italia, Europa, Per\u00fa, Norte de \u00c1frica y Oriente Medio<\/p>\n  <\/div>\n<\/section>\n\n\n\n\n<section id=\"sidewithnumbers-block_6283600afb76d\" class=\"sidewithnumbers-block side-withnumbers container-fluid parallax-comp\">\n      <div class=\"side-withnubers--row side-withnubers--row-reverse\">\n        <div class=\"side-number-wrap col-12 col-md-6\">\n      <div class=\"side-number\">\n        <p class=\"typo--primary\">2.500<\/p>\n      <\/div>\n    <\/div>\n            <img decoding=\"async\" src=\"https:\/\/www.cannamela.it\/wp-content\/uploads\/2022\/06\/Sostenibilita\u0300-4-1.png\" loading=\"lazy\" class=\"col-12 col-md-6\" alt=\"\" \/>\n      <\/div>\n  <div class=\"side-withnubers--copy offset-md-2 col-md-8 offset-lg-4 col-lg-5 col-12 parallax-elem\" data-speed=\"0.25\">\n    <p>Empresas de todo el mundo han elegido el sello de certificaci\u00f3n \u00e9tica Fairtrade para sus productos. Nosotros somos una de ellas.\r\n<br><br>\r\nCon la l\u00ednea Fairtrade Bio, compuesta exclusivamente por especias ecol\u00f3gicas procedentes de Sri Lanka, formamos parte de un proyecto centrado en los derechos de los agricultores y en el respeto por la biodiversidad y el medio ambiente.<\/p>\n  <\/div>\n<\/section>\n\n\n\n\n<section id=\"sidewithnumbers-block_6283604afb76e\" class=\"sidewithnumbers-block side-withnumbers container-fluid parallax-comp\">\n      <div class=\"side-withnubers--row\">\n        <div class=\"side-number-wrap col-12 col-md-6\">\n      <div class=\"side-number\">\n        <p class=\"typo--primary\">30.000<\/p>\n      <\/div>\n    <\/div>\n            <img decoding=\"async\" src=\"https:\/\/www.cannamela.it\/wp-content\/uploads\/2022\/06\/Sostenibilita\u0300-5-1.png\" loading=\"lazy\" class=\"col-12 col-md-6\" alt=\"\" \/>\n      <\/div>\n  <div class=\"side-withnubers--copy offset-md-2 col-md-8 offset-lg-4 col-lg-5 col-12 parallax-elem\" data-speed=\"0.25\">\n    <p>Los controles que realizamos cada a\u00f1o para conseguir la excelencia en nuestras especias y hierbas arom\u00e1ticas. Las inversiones realizadas en medios tecnol\u00f3gicos e innovadores nos han permitido obtener algunas de las certificaciones internacionales m\u00e1s importantes, como la Food Safety System Certification, la principal certificaci\u00f3n en materia de seguridad alimentaria.\r\n<br><br>\r\nAs\u00ed mismo, gracias al tratamiento de higienizaci\u00f3n de las materias primas y al respeto de los est\u00e1ndares de calidad exigidos por el mercado y los consumidores, hemos entrado a formar parte de las organizaciones que protegen la calidad y la seguridad alimentaria de las hierbas y las especias.<\/p>\n  <\/div>\n<\/section>\n\n\n\n\n<section id=\"sidewithnumbers-block_6283606bfb76f\" class=\"sidewithnumbers-block side-withnumbers container-fluid parallax-comp\">\n      <div class=\"side-withnubers--row side-withnubers--row-reverse\">\n        <div class=\"side-number-wrap col-12 col-md-6\">\n      <div class=\"side-number\">\n        <p class=\"typo--primary\">500.000<\/p>\n      <\/div>\n    <\/div>\n            <img decoding=\"async\" src=\"https:\/\/www.cannamela.it\/wp-content\/uploads\/2022\/06\/Sostenibilita\u0300-2-1.png\" loading=\"lazy\" class=\"col-12 col-md-6\" alt=\"\" \/>\n      <\/div>\n  <div class=\"side-withnubers--copy offset-md-2 col-md-8 offset-lg-4 col-lg-5 col-12 parallax-elem\" data-speed=\"0.25\">\n    <p>Los kWh de energ\u00eda limpia generados gracias a los paneles fotovoltaicos instalados en nuestra planta de Zola Predosa en Bolonia, Italia, donde producimos los productos Cannamela. Equivalen a lo que consumen en un a\u00f1o 180 familias de 3 o 4 miembros*.\r\nEl Grupo Montenegro adquiere energ\u00eda procedente de fuentes renovables, tales como el agua, el sol, el viento, la biomasa y la materia vegetal. \r\n<br><br>\r\n*Consumo medio de 2700 kWh\/a\u00f1o por familia de 3 a 4 miembros con una potencia contratada de 3 kW. Dato del a\u00f1o fiscal 2021. Fuente: https:\/\/www.arera.it\/it\/index.htm#<\/p>\n  <\/div>\n<\/section>\n\n\n\n\n<section id=\"sidewithnumbers-block_6283608ffb770\" class=\"sidewithnumbers-block side-withnumbers container-fluid parallax-comp\">\n      <div class=\"side-withnubers--row\">\n        <div class=\"side-number-wrap col-12 col-md-6\">\n      <div class=\"side-number\">\n        <p class=\"typo--primary\">80%<\/p>\n      <\/div>\n    <\/div>\n            <img decoding=\"async\" src=\"https:\/\/www.cannamela.it\/wp-content\/uploads\/2022\/06\/Sostenibilita\u0300-3-1.png\" loading=\"lazy\" class=\"col-12 col-md-6\" alt=\"\" \/>\n      <\/div>\n  <div class=\"side-withnubers--copy offset-md-2 col-md-8 offset-lg-4 col-lg-5 col-12 parallax-elem\" data-speed=\"0.25\">\n    <p>El porcentaje de CO\u2082 que ahorran nuestros socios distribuidores, gracias a la implementaci\u00f3n de importantes iniciativas ecol\u00f3gicas como la intermodalidad, priorizando el transporte ferroviario frente al vial o, cuando esto no es posible, optando por veh\u00edculos de GNL, metano o EURO 6 en largas distancias.<\/p>\n  <\/div>\n<\/section>\n\n\n    <section id=\"sideoverlap-block_628360b6fb771\" class=\"sideoverlap-block side--overlap-wrapper container-fluid\">\n        <div class=\"side--overlap-titlearea\">\n            <div class=\"row\">\n                <div class=\"col-lg-7 offset-lg-3\">\n                    <h2>Reduce, reutiliza, recicla y recupera<\/h2>\n                <\/div>\n            <\/div>\n        <\/div>\n        <div class=\"side--overlap-textimage\">\n            <div class=\"row parallax-comp\">\n                <div class=\"col-lg-8 offset-lg-2 col-md-10 offset-md-1\">\n                    <div class=\"row--textarea side--overlap-reverse row\">\n                        <div class=\"col--textarea col-md-6 parallax-elem\" data-speed=\"0.1\">\n                            <p>En nuestra planta, trabajamos para reducir al m\u00ednimo los residuos y conseguimos dar una nueva vida al 90 % de los mismos.\r\nIncluso nuestros tarros se pueden desechar en la recogida selectiva cuando, una vez vac\u00edos, no se pueden seguir utilizando para dar sabor y aroma a las recetas.<\/p>\n                            <div class=\"row\">\n                                <div class=\"col-auto\">\n                                                                    <a class=\"cta cta--secondary\" href=\"https:\/\/www.cannamela.it\/chi-siamo\/come-riciclare-prodotti\/\" target=\"_self\">\n                                        <div class=\"cta--text\">Come riciclare i prodotti<\/div>\n                                        <div class=\"cta--icon\">\n                                            <svg width=\"18\" height=\"14\" viewBox=\"0 0 18 14\" fill=\"none\" xmlns=\"http:\/\/www.w3.org\/2000\/svg\">\n                                                <path fill-rule=\"evenodd\" clip-rule=\"evenodd\" d=\"M16.986 7.57329L17.6447 7.00601L17.0021 6.4506C16.992 6.4414 16.9817 6.43247 16.9711 6.42382L10.4616 0.797577C10.1482 0.526716 9.67463 0.561185 9.40377 0.874566C9.13291 1.18795 9.16737 1.66157 9.48076 1.93243L14.4815 6.25465L0.75 6.25465C0.335787 6.25465 2.09475e-08 6.59044 0 7.00465C-2.09484e-08 7.41886 0.335787 7.75465 0.75 7.75465L14.4769 7.75465L12.7444 9.24672L12.7434 9.24758L9.48075 12.0676C9.16737 12.3384 9.13291 12.8121 9.40377 13.1254C9.67463 13.4388 10.1482 13.4733 10.4616 13.2024L13.7233 10.3833L13.7243 10.3824L16.986 7.57329Z\" fill=\"#FFF\"\/>\n                                            <\/svg>\n                                        <\/div>\n                                    <\/a>\n                                                                                                <\/div>\n                            <\/div>\n                        <\/div>\n                        <div class=\"col--image col-md-6 parallax-elem\" data-speed=\"0.2\">\n                                                            <img decoding=\"async\" src=\"https:\/\/www.cannamela.it\/wp-content\/uploads\/2022\/06\/Sostenibilita\u0300-6-1.png\" alt=\"\" \/>\n                                                    <\/div>\n                    <\/div>\n                <\/div>\n            <\/div>\n        <\/div>\n    <\/section>\n\n    ","protected":false},"excerpt":{"rendered":"","protected":false},"author":2,"featured_media":0,"parent":85952,"menu_order":0,"comment_status":"closed","ping_status":"closed","template":"","meta":{"_acf_changed":false,"footnotes":""},"class_list":["post-85959","page","type-page","status-publish","hentry"],"acf":[],"yoast_head":"<!-- This site is optimized with the Yoast SEO plugin v25.3.1 - https:\/\/yoast.com\/wordpress\/plugins\/seo\/ -->\n<title>Calidad y sostenibilidad - Cannamela<\/title>\n<meta name=\"description\" content=\"Il nostro impegno per il pianeta si dimostra nella cura che mettiamo in tutte le fasi della filiera produttiva, applicando scelte etiche e sostenibili.\" \/>\n<meta name=\"robots\" content=\"index, follow, max-snippet:-1, max-image-preview:large, max-video-preview:-1\" \/>\n<link rel=\"canonical\" href=\"https:\/\/www.cannamela.it\/es\/quienes-somos\/calidad-sostenibilidad\/\" \/>\n<meta property=\"og:locale\" content=\"es_ES\" \/>\n<meta property=\"og:type\" content=\"article\" \/>\n<meta property=\"og:title\" content=\"Calidad y sostenibilidad - Cannamela\" \/>\n<meta property=\"og:description\" content=\"Il nostro impegno per il pianeta si dimostra nella cura che mettiamo in tutte le fasi della filiera produttiva, applicando scelte etiche e sostenibili.\" \/>\n<meta property=\"og:url\" content=\"https:\/\/www.cannamela.it\/es\/quienes-somos\/calidad-sostenibilidad\/\" \/>\n<meta property=\"og:site_name\" content=\"Cannamela\" \/>\n<meta property=\"article:publisher\" content=\"https:\/\/www.facebook.com\/cannamela.spezie\/\" \/>\n<meta property=\"article:modified_time\" content=\"2022-09-09T13:47:45+00:00\" \/>\n<meta name=\"twitter:card\" content=\"summary_large_image\" \/>\n<script type=\"application\/ld+json\" class=\"yoast-schema-graph\">{\"@context\":\"https:\/\/schema.org\",\"@graph\":[{\"@type\":\"WebPage\",\"@id\":\"https:\/\/www.cannamela.it\/es\/quienes-somos\/calidad-sostenibilidad\/\",\"url\":\"https:\/\/www.cannamela.it\/es\/quienes-somos\/calidad-sostenibilidad\/\",\"name\":\"Calidad y sostenibilidad - Cannamela\",\"isPartOf\":{\"@id\":\"https:\/\/www.cannamela.it\/es\/#website\"},\"datePublished\":\"2022-05-17T09:01:39+00:00\",\"dateModified\":\"2022-09-09T13:47:45+00:00\",\"description\":\"Il nostro impegno per il pianeta si dimostra nella cura che mettiamo in tutte le fasi della filiera produttiva, applicando scelte etiche e sostenibili.\",\"breadcrumb\":{\"@id\":\"https:\/\/www.cannamela.it\/es\/quienes-somos\/calidad-sostenibilidad\/#breadcrumb\"},\"inLanguage\":\"es\",\"potentialAction\":[{\"@type\":\"ReadAction\",\"target\":[\"https:\/\/www.cannamela.it\/es\/quienes-somos\/calidad-sostenibilidad\/\"]}]},{\"@type\":\"BreadcrumbList\",\"@id\":\"https:\/\/www.cannamela.it\/es\/quienes-somos\/calidad-sostenibilidad\/#breadcrumb\",\"itemListElement\":[{\"@type\":\"ListItem\",\"position\":1,\"name\":\"Qui\u00e9nes somos\",\"item\":\"https:\/\/www.cannamela.it\/es\/quienes-somos\/\"},{\"@type\":\"ListItem\",\"position\":2,\"name\":\"Calidad y sostenibilidad\"}]},{\"@type\":\"WebSite\",\"@id\":\"https:\/\/www.cannamela.it\/es\/#website\",\"url\":\"https:\/\/www.cannamela.it\/es\/\",\"name\":\"Cannamela\",\"description\":\"Un nuovo sito targato WordPress\",\"publisher\":{\"@id\":\"https:\/\/www.cannamela.it\/es\/#organization\"},\"potentialAction\":[{\"@type\":\"SearchAction\",\"target\":{\"@type\":\"EntryPoint\",\"urlTemplate\":\"https:\/\/www.cannamela.it\/es\/?s={search_term_string}\"},\"query-input\":{\"@type\":\"PropertyValueSpecification\",\"valueRequired\":true,\"valueName\":\"search_term_string\"}}],\"inLanguage\":\"es\"},{\"@type\":\"Organization\",\"@id\":\"https:\/\/www.cannamela.it\/es\/#organization\",\"name\":\"Cannamela\",\"url\":\"https:\/\/www.cannamela.it\/es\/\",\"logo\":{\"@type\":\"ImageObject\",\"inLanguage\":\"es\",\"@id\":\"https:\/\/www.cannamela.it\/es\/#\/schema\/logo\/image\/\",\"url\":\"https:\/\/www.cannamela.it\/wp-content\/uploads\/2025\/11\/cropped-cropped-Cannamela_logo_326x72.png\",\"contentUrl\":\"https:\/\/www.cannamela.it\/wp-content\/uploads\/2025\/11\/cropped-cropped-Cannamela_logo_326x72.png\",\"width\":1359,\"height\":300,\"caption\":\"Cannamela\"},\"image\":{\"@id\":\"https:\/\/www.cannamela.it\/es\/#\/schema\/logo\/image\/\"},\"sameAs\":[\"https:\/\/www.facebook.com\/cannamela.spezie\/\",\"https:\/\/www.instagram.com\/cannamela_official\/?hl=it\"]}]}<\/script>\n<!-- \/ Yoast SEO plugin. -->","yoast_head_json":{"title":"Calidad y sostenibilidad - Cannamela","description":"Il nostro impegno per il pianeta si dimostra nella cura che mettiamo in tutte le fasi della filiera produttiva, applicando scelte etiche e sostenibili.","robots":{"index":"index","follow":"follow","max-snippet":"max-snippet:-1","max-image-preview":"max-image-preview:large","max-video-preview":"max-video-preview:-1"},"canonical":"https:\/\/www.cannamela.it\/es\/quienes-somos\/calidad-sostenibilidad\/","og_locale":"es_ES","og_type":"article","og_title":"Calidad y sostenibilidad - Cannamela","og_description":"Il nostro impegno per il pianeta si dimostra nella cura che mettiamo in tutte le fasi della filiera produttiva, applicando scelte etiche e sostenibili.","og_url":"https:\/\/www.cannamela.it\/es\/quienes-somos\/calidad-sostenibilidad\/","og_site_name":"Cannamela","article_publisher":"https:\/\/www.facebook.com\/cannamela.spezie\/","article_modified_time":"2022-09-09T13:47:45+00:00","twitter_card":"summary_large_image","schema":{"@context":"https:\/\/schema.org","@graph":[{"@type":"WebPage","@id":"https:\/\/www.cannamela.it\/es\/quienes-somos\/calidad-sostenibilidad\/","url":"https:\/\/www.cannamela.it\/es\/quienes-somos\/calidad-sostenibilidad\/","name":"Calidad y sostenibilidad - Cannamela","isPartOf":{"@id":"https:\/\/www.cannamela.it\/es\/#website"},"datePublished":"2022-05-17T09:01:39+00:00","dateModified":"2022-09-09T13:47:45+00:00","description":"Il nostro impegno per il pianeta si dimostra nella cura che mettiamo in tutte le fasi della filiera produttiva, applicando scelte etiche e sostenibili.","breadcrumb":{"@id":"https:\/\/www.cannamela.it\/es\/quienes-somos\/calidad-sostenibilidad\/#breadcrumb"},"inLanguage":"es","potentialAction":[{"@type":"ReadAction","target":["https:\/\/www.cannamela.it\/es\/quienes-somos\/calidad-sostenibilidad\/"]}]},{"@type":"BreadcrumbList","@id":"https:\/\/www.cannamela.it\/es\/quienes-somos\/calidad-sostenibilidad\/#breadcrumb","itemListElement":[{"@type":"ListItem","position":1,"name":"Qui\u00e9nes somos","item":"https:\/\/www.cannamela.it\/es\/quienes-somos\/"},{"@type":"ListItem","position":2,"name":"Calidad y sostenibilidad"}]},{"@type":"WebSite","@id":"https:\/\/www.cannamela.it\/es\/#website","url":"https:\/\/www.cannamela.it\/es\/","name":"Cannamela","description":"Un nuovo sito targato WordPress","publisher":{"@id":"https:\/\/www.cannamela.it\/es\/#organization"},"potentialAction":[{"@type":"SearchAction","target":{"@type":"EntryPoint","urlTemplate":"https:\/\/www.cannamela.it\/es\/?s={search_term_string}"},"query-input":{"@type":"PropertyValueSpecification","valueRequired":true,"valueName":"search_term_string"}}],"inLanguage":"es"},{"@type":"Organization","@id":"https:\/\/www.cannamela.it\/es\/#organization","name":"Cannamela","url":"https:\/\/www.cannamela.it\/es\/","logo":{"@type":"ImageObject","inLanguage":"es","@id":"https:\/\/www.cannamela.it\/es\/#\/schema\/logo\/image\/","url":"https:\/\/www.cannamela.it\/wp-content\/uploads\/2025\/11\/cropped-cropped-Cannamela_logo_326x72.png","contentUrl":"https:\/\/www.cannamela.it\/wp-content\/uploads\/2025\/11\/cropped-cropped-Cannamela_logo_326x72.png","width":1359,"height":300,"caption":"Cannamela"},"image":{"@id":"https:\/\/www.cannamela.it\/es\/#\/schema\/logo\/image\/"},"sameAs":["https:\/\/www.facebook.com\/cannamela.spezie\/","https:\/\/www.instagram.com\/cannamela_official\/?hl=it"]}]}},"_links":{"self":[{"href":"https:\/\/www.cannamela.it\/es\/wp-json\/wp\/v2\/pages\/85959","targetHints":{"allow":["GET"]}}],"collection":[{"href":"https:\/\/www.cannamela.it\/es\/wp-json\/wp\/v2\/pages"}],"about":[{"href":"https:\/\/www.cannamela.it\/es\/wp-json\/wp\/v2\/types\/page"}],"author":[{"embeddable":true,"href":"https:\/\/www.cannamela.it\/es\/wp-json\/wp\/v2\/users\/2"}],"replies":[{"embeddable":true,"href":"https:\/\/www.cannamela.it\/es\/wp-json\/wp\/v2\/comments?post=85959"}],"version-history":[{"count":3,"href":"https:\/\/www.cannamela.it\/es\/wp-json\/wp\/v2\/pages\/85959\/revisions"}],"predecessor-version":[{"id":85967,"href":"https:\/\/www.cannamela.it\/es\/wp-json\/wp\/v2\/pages\/85959\/revisions\/85967"}],"up":[{"embeddable":true,"href":"https:\/\/www.cannamela.it\/es\/wp-json\/wp\/v2\/pages\/85952"}],"wp:attachment":[{"href":"https:\/\/www.cannamela.it\/es\/wp-json\/wp\/v2\/media?parent=85959"}],"curies":[{"name":"wp","href":"https:\/\/api.w.org\/{rel}","templated":true}]}}