{"id":85983,"date":"2022-03-03T14:16:19","date_gmt":"2022-03-03T13:16:19","guid":{"rendered":"https:\/\/www.cannamela.it\/prodotti\/"},"modified":"2024-04-18T17:56:00","modified_gmt":"2024-04-18T15:56:00","slug":"productos","status":"publish","type":"page","link":"https:\/\/www.cannamela.it\/es\/productos\/","title":{"rendered":"Productos"},"content":{"rendered":"<section id=\"herovideo-block_6223bd478d599\" class=\"herovideo-block herovideo container-fluid\">\n    <div class=\"row\">\n        <div class=\"herovideo--col-textarea col-12\">\n            <h1>Los sabores de tu casa<\/h1>\n        <\/div>\n    <\/div>\n<\/section>\n\n\n<section id=\"sidebyside-block_628f4a5e96272\" class=\"sidebyside-block side--byside container-fluid\">\n    <div class=\"row--side row d-flex align-items-center side--standard\">\n        <div class=\"col-lg-6 col-sm-12\">\n            <div class=\"side--byside-mediaelements\">\n                <div class=\"side--byside-image\">\n                                            <a href=\"\/es\/productos\/linea-bionatura\/\" target=\"_self\">\n                            <div class=\"side--byside-circle\"><\/div>\n                            <img decoding=\"async\" src=\"https:\/\/www.cannamela.it\/wp-content\/uploads\/2022\/07\/Bionatura_all.png\">\n                        <\/a>\n                                                        <\/div>\n            <\/div>\n        <\/div>\n        <div class=\"col--textarea col-lg-5 offset-lg-1 col-sm-12\">\n                    <div class=\"side--byside-textarea\">\n                <h2>L\u00ednea Bionatura<\/h2>\n                <p>Solo a partir de cultivos ecol\u00f3gicos certificados, que protegen la biodiversidad y la vitalidad del terreno, para una cocina sana, genuina y m\u00e1s sostenible.<\/p>\n                <div class=\"row--cta row\">\n                    <div class=\"col-auto\">\n                                            <a class=\"cta cta--secondary\" href=\"\/es\/productos\/linea-bionatura\/\" target=\"_self\">\n                            <div class=\"cta--text\">Descubre la gama<\/div>\n                            <div class=\"cta--icon\">\n                                <svg width=\"18\" height=\"14\" viewBox=\"0 0 18 14\" fill=\"none\" xmlns=\"http:\/\/www.w3.org\/2000\/svg\">\n                                    <path fill-rule=\"evenodd\" clip-rule=\"evenodd\" d=\"M16.986 7.57329L17.6447 7.00601L17.0021 6.4506C16.992 6.4414 16.9817 6.43247 16.9711 6.42382L10.4616 0.797577C10.1482 0.526716 9.67463 0.561185 9.40377 0.874566C9.13291 1.18795 9.16737 1.66157 9.48076 1.93243L14.4815 6.25465L0.75 6.25465C0.335787 6.25465 2.09475e-08 6.59044 0 7.00465C-2.09484e-08 7.41886 0.335787 7.75465 0.75 7.75465L14.4769 7.75465L12.7444 9.24672L12.7434 9.24758L9.48075 12.0676C9.16737 12.3384 9.13291 12.8121 9.40377 13.1254C9.67463 13.4388 10.1482 13.4733 10.4616 13.2024L13.7233 10.3833L13.7243 10.3824L16.986 7.57329Z\" fill=\"#FFF\"\/>\n                                <\/svg>\n                            <\/div>\n                        <\/a>\n                                        <\/div>\n                <\/div>\n            <\/div>\n                    <\/div>\n    <\/div>\n<\/section>\n\n<style>\n    .side--byside-tablearea {\n        scroll-margin-top: 250px;\n    }\n<\/style>\n\n\n<section id=\"sidebyside-block_628f4a8b96273\" class=\"sidebyside-block side--byside container-fluid\">\n    <div class=\"row--side row d-flex align-items-center side--reverse\">\n        <div class=\"col-lg-6 col-sm-12\">\n            <div class=\"side--byside-mediaelements\">\n                <div class=\"side--byside-image\">\n                                            <a href=\"\/es\/productos\/curcuma-latte-eco\/\" target=\"_self\">\n                            <div class=\"side--byside-circle\"><\/div>\n                            <img decoding=\"async\" src=\"https:\/\/www.cannamela.it\/wp-content\/uploads\/2022\/07\/Curcuma-Latte-Bio_all.png\">\n                        <\/a>\n                                                        <\/div>\n            <\/div>\n        <\/div>\n        <div class=\"col--textarea col-lg-5 offset-lg-1 col-sm-12\">\n                    <div class=\"side--byside-textarea\">\n                <h2>C\u00farcuma Latte Eco<\/h2>\n                <p>Una arom\u00e1tica mezcla de especias 100 % ecol\u00f3gicas para preparar la Leche Dorada, una bebida conocida por sus muchas virtudes para todo el organismo.<\/p>\n                <div class=\"row--cta row\">\n                    <div class=\"col-auto\">\n                                            <a class=\"cta cta--secondary\" href=\"\/es\/productos\/curcuma-latte-eco\/\" target=\"_self\">\n                            <div class=\"cta--text\">Descubre la gama<\/div>\n                            <div class=\"cta--icon\">\n                                <svg width=\"18\" height=\"14\" viewBox=\"0 0 18 14\" fill=\"none\" xmlns=\"http:\/\/www.w3.org\/2000\/svg\">\n                                    <path fill-rule=\"evenodd\" clip-rule=\"evenodd\" d=\"M16.986 7.57329L17.6447 7.00601L17.0021 6.4506C16.992 6.4414 16.9817 6.43247 16.9711 6.42382L10.4616 0.797577C10.1482 0.526716 9.67463 0.561185 9.40377 0.874566C9.13291 1.18795 9.16737 1.66157 9.48076 1.93243L14.4815 6.25465L0.75 6.25465C0.335787 6.25465 2.09475e-08 6.59044 0 7.00465C-2.09484e-08 7.41886 0.335787 7.75465 0.75 7.75465L14.4769 7.75465L12.7444 9.24672L12.7434 9.24758L9.48075 12.0676C9.16737 12.3384 9.13291 12.8121 9.40377 13.1254C9.67463 13.4388 10.1482 13.4733 10.4616 13.2024L13.7233 10.3833L13.7243 10.3824L16.986 7.57329Z\" fill=\"#FFF\"\/>\n                                <\/svg>\n                            <\/div>\n                        <\/a>\n                                        <\/div>\n                <\/div>\n            <\/div>\n                    <\/div>\n    <\/div>\n<\/section>\n\n<style>\n    .side--byside-tablearea {\n        scroll-margin-top: 250px;\n    }\n<\/style>\n\n\n<section id=\"sidebyside-block_628f49d296271\" class=\"sidebyside-block side--byside container-fluid\">\n    <div class=\"row--side row d-flex align-items-center side--standard\">\n        <div class=\"col-lg-6 col-sm-12\">\n            <div class=\"side--byside-mediaelements\">\n                <div class=\"side--byside-image\">\n                                            <a href=\"\/es\/productos\/liofilizados\/\" target=\"_self\">\n                            <div class=\"side--byside-circle\"><\/div>\n                            <img decoding=\"async\" src=\"https:\/\/www.cannamela.it\/wp-content\/uploads\/2022\/07\/Liofilizzati_all.png\">\n                        <\/a>\n                                                        <\/div>\n            <\/div>\n        <\/div>\n        <div class=\"col--textarea col-lg-5 offset-lg-1 col-sm-12\">\n                    <div class=\"side--byside-textarea\">\n                <h2>Liofilizados<\/h2>\n                <p>Sumergi\u00e9ndolas en agua recuperar\u00e1n todo el sabor y el aroma de las hierbas reci\u00e9n recogidas.<\/p>\n                <div class=\"row--cta row\">\n                    <div class=\"col-auto\">\n                                            <a class=\"cta cta--secondary\" href=\"\/es\/productos\/liofilizados\/\" target=\"_self\">\n                            <div class=\"cta--text\">Descubre la gama<\/div>\n                            <div class=\"cta--icon\">\n                                <svg width=\"18\" height=\"14\" viewBox=\"0 0 18 14\" fill=\"none\" xmlns=\"http:\/\/www.w3.org\/2000\/svg\">\n                                    <path fill-rule=\"evenodd\" clip-rule=\"evenodd\" d=\"M16.986 7.57329L17.6447 7.00601L17.0021 6.4506C16.992 6.4414 16.9817 6.43247 16.9711 6.42382L10.4616 0.797577C10.1482 0.526716 9.67463 0.561185 9.40377 0.874566C9.13291 1.18795 9.16737 1.66157 9.48076 1.93243L14.4815 6.25465L0.75 6.25465C0.335787 6.25465 2.09475e-08 6.59044 0 7.00465C-2.09484e-08 7.41886 0.335787 7.75465 0.75 7.75465L14.4769 7.75465L12.7444 9.24672L12.7434 9.24758L9.48075 12.0676C9.16737 12.3384 9.13291 12.8121 9.40377 13.1254C9.67463 13.4388 10.1482 13.4733 10.4616 13.2024L13.7233 10.3833L13.7243 10.3824L16.986 7.57329Z\" fill=\"#FFF\"\/>\n                                <\/svg>\n                            <\/div>\n                        <\/a>\n                                        <\/div>\n                <\/div>\n            <\/div>\n                    <\/div>\n    <\/div>\n<\/section>\n\n<style>\n    .side--byside-tablearea {\n        scroll-margin-top: 250px;\n    }\n<\/style>","protected":false},"excerpt":{"rendered":"","protected":false},"author":2,"featured_media":0,"parent":0,"menu_order":0,"comment_status":"closed","ping_status":"closed","template":"","meta":{"_acf_changed":false,"footnotes":""},"class_list":["post-85983","page","type-page","status-publish","hentry"],"acf":[],"yoast_head":"<!-- This site is optimized with the Yoast SEO plugin v25.3.1 - https:\/\/yoast.com\/wordpress\/plugins\/seo\/ -->\n<title>Aromas, sabores y mucha informaci\u00f3n \u00fatil sobre las especias | Cannamela<\/title>\n<meta name=\"description\" content=\"Descubra todos los productos Cannamela, para cada necesidad. Mucha informaci\u00f3n \u00fatil sobre c\u00f3mo utilizar las especias y las hierbas en la cocina.\" \/>\n<meta name=\"robots\" content=\"index, follow, max-snippet:-1, max-image-preview:large, max-video-preview:-1\" \/>\n<link rel=\"canonical\" href=\"https:\/\/www.cannamela.it\/es\/productos\/\" \/>\n<meta property=\"og:locale\" content=\"es_ES\" \/>\n<meta property=\"og:type\" content=\"article\" \/>\n<meta property=\"og:title\" content=\"Aromas, sabores y mucha informaci\u00f3n \u00fatil sobre las especias | Cannamela\" \/>\n<meta property=\"og:description\" content=\"Descubra todos los productos Cannamela, para cada necesidad. Mucha informaci\u00f3n \u00fatil sobre c\u00f3mo utilizar las especias y las hierbas en la cocina.\" \/>\n<meta property=\"og:url\" content=\"https:\/\/www.cannamela.it\/es\/productos\/\" \/>\n<meta property=\"og:site_name\" content=\"Cannamela\" \/>\n<meta property=\"article:publisher\" content=\"https:\/\/www.facebook.com\/cannamela.spezie\/\" \/>\n<meta property=\"article:modified_time\" content=\"2024-04-18T15:56:00+00:00\" \/>\n<meta name=\"twitter:card\" content=\"summary_large_image\" \/>\n<script type=\"application\/ld+json\" class=\"yoast-schema-graph\">{\"@context\":\"https:\/\/schema.org\",\"@graph\":[{\"@type\":\"WebPage\",\"@id\":\"https:\/\/www.cannamela.it\/es\/productos\/\",\"url\":\"https:\/\/www.cannamela.it\/es\/productos\/\",\"name\":\"Aromas, sabores y mucha informaci\u00f3n \u00fatil sobre las especias | Cannamela\",\"isPartOf\":{\"@id\":\"https:\/\/www.cannamela.it\/es\/#website\"},\"datePublished\":\"2022-03-03T13:16:19+00:00\",\"dateModified\":\"2024-04-18T15:56:00+00:00\",\"description\":\"Descubra todos los productos Cannamela, para cada necesidad. Mucha informaci\u00f3n \u00fatil sobre c\u00f3mo utilizar las especias y las hierbas en la cocina.\",\"inLanguage\":\"es\",\"potentialAction\":[{\"@type\":\"ReadAction\",\"target\":[\"https:\/\/www.cannamela.it\/es\/productos\/\"]}]},{\"@type\":\"WebSite\",\"@id\":\"https:\/\/www.cannamela.it\/es\/#website\",\"url\":\"https:\/\/www.cannamela.it\/es\/\",\"name\":\"Cannamela\",\"description\":\"Un nuovo sito targato WordPress\",\"publisher\":{\"@id\":\"https:\/\/www.cannamela.it\/es\/#organization\"},\"potentialAction\":[{\"@type\":\"SearchAction\",\"target\":{\"@type\":\"EntryPoint\",\"urlTemplate\":\"https:\/\/www.cannamela.it\/es\/?s={search_term_string}\"},\"query-input\":{\"@type\":\"PropertyValueSpecification\",\"valueRequired\":true,\"valueName\":\"search_term_string\"}}],\"inLanguage\":\"es\"},{\"@type\":\"Organization\",\"@id\":\"https:\/\/www.cannamela.it\/es\/#organization\",\"name\":\"Cannamela\",\"url\":\"https:\/\/www.cannamela.it\/es\/\",\"logo\":{\"@type\":\"ImageObject\",\"inLanguage\":\"es\",\"@id\":\"https:\/\/www.cannamela.it\/es\/#\/schema\/logo\/image\/\",\"url\":\"https:\/\/www.cannamela.it\/wp-content\/uploads\/2025\/11\/cropped-cropped-Cannamela_logo_326x72.png\",\"contentUrl\":\"https:\/\/www.cannamela.it\/wp-content\/uploads\/2025\/11\/cropped-cropped-Cannamela_logo_326x72.png\",\"width\":1359,\"height\":300,\"caption\":\"Cannamela\"},\"image\":{\"@id\":\"https:\/\/www.cannamela.it\/es\/#\/schema\/logo\/image\/\"},\"sameAs\":[\"https:\/\/www.facebook.com\/cannamela.spezie\/\",\"https:\/\/www.instagram.com\/cannamela_official\/?hl=it\"]}]}<\/script>\n<!-- \/ Yoast SEO plugin. -->","yoast_head_json":{"title":"Aromas, sabores y mucha informaci\u00f3n \u00fatil sobre las especias | Cannamela","description":"Descubra todos los productos Cannamela, para cada necesidad. Mucha informaci\u00f3n \u00fatil sobre c\u00f3mo utilizar las especias y las hierbas en la cocina.","robots":{"index":"index","follow":"follow","max-snippet":"max-snippet:-1","max-image-preview":"max-image-preview:large","max-video-preview":"max-video-preview:-1"},"canonical":"https:\/\/www.cannamela.it\/es\/productos\/","og_locale":"es_ES","og_type":"article","og_title":"Aromas, sabores y mucha informaci\u00f3n \u00fatil sobre las especias | Cannamela","og_description":"Descubra todos los productos Cannamela, para cada necesidad. Mucha informaci\u00f3n \u00fatil sobre c\u00f3mo utilizar las especias y las hierbas en la cocina.","og_url":"https:\/\/www.cannamela.it\/es\/productos\/","og_site_name":"Cannamela","article_publisher":"https:\/\/www.facebook.com\/cannamela.spezie\/","article_modified_time":"2024-04-18T15:56:00+00:00","twitter_card":"summary_large_image","schema":{"@context":"https:\/\/schema.org","@graph":[{"@type":"WebPage","@id":"https:\/\/www.cannamela.it\/es\/productos\/","url":"https:\/\/www.cannamela.it\/es\/productos\/","name":"Aromas, sabores y mucha informaci\u00f3n \u00fatil sobre las especias | Cannamela","isPartOf":{"@id":"https:\/\/www.cannamela.it\/es\/#website"},"datePublished":"2022-03-03T13:16:19+00:00","dateModified":"2024-04-18T15:56:00+00:00","description":"Descubra todos los productos Cannamela, para cada necesidad. Mucha informaci\u00f3n \u00fatil sobre c\u00f3mo utilizar las especias y las hierbas en la cocina.","inLanguage":"es","potentialAction":[{"@type":"ReadAction","target":["https:\/\/www.cannamela.it\/es\/productos\/"]}]},{"@type":"WebSite","@id":"https:\/\/www.cannamela.it\/es\/#website","url":"https:\/\/www.cannamela.it\/es\/","name":"Cannamela","description":"Un nuovo sito targato WordPress","publisher":{"@id":"https:\/\/www.cannamela.it\/es\/#organization"},"potentialAction":[{"@type":"SearchAction","target":{"@type":"EntryPoint","urlTemplate":"https:\/\/www.cannamela.it\/es\/?s={search_term_string}"},"query-input":{"@type":"PropertyValueSpecification","valueRequired":true,"valueName":"search_term_string"}}],"inLanguage":"es"},{"@type":"Organization","@id":"https:\/\/www.cannamela.it\/es\/#organization","name":"Cannamela","url":"https:\/\/www.cannamela.it\/es\/","logo":{"@type":"ImageObject","inLanguage":"es","@id":"https:\/\/www.cannamela.it\/es\/#\/schema\/logo\/image\/","url":"https:\/\/www.cannamela.it\/wp-content\/uploads\/2025\/11\/cropped-cropped-Cannamela_logo_326x72.png","contentUrl":"https:\/\/www.cannamela.it\/wp-content\/uploads\/2025\/11\/cropped-cropped-Cannamela_logo_326x72.png","width":1359,"height":300,"caption":"Cannamela"},"image":{"@id":"https:\/\/www.cannamela.it\/es\/#\/schema\/logo\/image\/"},"sameAs":["https:\/\/www.facebook.com\/cannamela.spezie\/","https:\/\/www.instagram.com\/cannamela_official\/?hl=it"]}]}},"_links":{"self":[{"href":"https:\/\/www.cannamela.it\/es\/wp-json\/wp\/v2\/pages\/85983","targetHints":{"allow":["GET"]}}],"collection":[{"href":"https:\/\/www.cannamela.it\/es\/wp-json\/wp\/v2\/pages"}],"about":[{"href":"https:\/\/www.cannamela.it\/es\/wp-json\/wp\/v2\/types\/page"}],"author":[{"embeddable":true,"href":"https:\/\/www.cannamela.it\/es\/wp-json\/wp\/v2\/users\/2"}],"replies":[{"embeddable":true,"href":"https:\/\/www.cannamela.it\/es\/wp-json\/wp\/v2\/comments?post=85983"}],"version-history":[{"count":14,"href":"https:\/\/www.cannamela.it\/es\/wp-json\/wp\/v2\/pages\/85983\/revisions"}],"predecessor-version":[{"id":87413,"href":"https:\/\/www.cannamela.it\/es\/wp-json\/wp\/v2\/pages\/85983\/revisions\/87413"}],"wp:attachment":[{"href":"https:\/\/www.cannamela.it\/es\/wp-json\/wp\/v2\/media?parent=85983"}],"curies":[{"name":"wp","href":"https:\/\/api.w.org\/{rel}","templated":true}]}}