{"id":86243,"date":"2022-04-07T12:32:09","date_gmt":"2022-04-07T10:32:09","guid":{"rendered":"https:\/\/www.cannamela.it\/contacts\/"},"modified":"2022-10-11T16:03:23","modified_gmt":"2022-10-11T14:03:23","slug":"contacts","status":"publish","type":"page","link":"https:\/\/www.cannamela.it\/es\/contacts\/","title":{"rendered":"Contactos"},"content":{"rendered":"\n\n\n<section class=\"infobox--contact container-fluid\">\n    <div class=\"row\">\n        <div class=\"col-lg-8 offset-lg-2\">\n            <div class=\"infobox--contact-titlearea\">\n                <h1>CANNAMELA<\/h1>\n                <p>DIVISIONE BONOMELLI SRL<\/p>\n            <\/div>\n            <div class=\"row\">\n                <div class=\"infobox--single-col col-lg-4\">\n                                        <div class=\"infobox--single\">\n                            <p class=\"single--title\">Tel\u00e9fono<\/p>\n                            <p class=\"single--value\">+39 051 6170411<\/p>\n                        <\/div>\n                                                <div class=\"infobox--single\">\n                            <p class=\"single--title\">Fax<\/p>\n                            <p class=\"single--value\">+39 051 4998555<\/p>\n                        <\/div>\n                                        <\/div>\n                <div class=\"infobox--contact-description-col col-lg-8\">\n                    <p class=\"infobox--contact-description\">Para cualquier informaci\u00f3n y comunicaci\u00f3n haga clic en el bot\u00f3n de abajo y rellene el formulario correspondiente.<\/p>\n                    <div class=\"row justify-content-between\">\n                        <div class=\"col-auto\">\n                                                        <a class=\"cta cta--primary\" href=\"http:\/\/customer-infoservice.appspot.com\/#\/customercare\/public\/insert-request\/it\/CANNAMELA\" target=\"_self\">\n                                    <div class=\"cta--text\">Escribenos<\/div>\n                                    <div class=\"cta--icon\">\n                                        <svg width=\"18\" height=\"14\" viewBox=\"0 0 18 14\" fill=\"none\" xmlns=\"http:\/\/www.w3.org\/2000\/svg\">\n                                            <path fill-rule=\"evenodd\" clip-rule=\"evenodd\" d=\"M16.986 7.57329L17.6447 7.00601L17.0021 6.4506C16.992 6.4414 16.9817 6.43247 16.9711 6.42382L10.4616 0.797577C10.1482 0.526716 9.67463 0.561185 9.40377 0.874566C9.13291 1.18795 9.16737 1.66157 9.48076 1.93243L14.4815 6.25465L0.75 6.25465C0.335787 6.25465 2.09475e-08 6.59044 0 7.00465C-2.09484e-08 7.41886 0.335787 7.75465 0.75 7.75465L14.4769 7.75465L12.7444 9.24672L12.7434 9.24758L9.48075 12.0676C9.16737 12.3384 9.13291 12.8121 9.40377 13.1254C9.67463 13.4388 10.1482 13.4733 10.4616 13.2024L13.7233 10.3833L13.7243 10.3824L16.986 7.57329Z\" fill=\"#FFF\"\/>\n                                        <\/svg>\n                                    <\/div>\n                                <\/a>\n                                                <\/div>\n                        <div class=\"col-auto\">\n                                                        <a class=\"cta cta--secondary\" href=\"https:\/\/suppliers-portal.montenegro.it\/iungo\/autocandidatura_partner\/registrazione_formimages.html\" target=\"_self\">\n                                    <div class=\"cta--text\">Candidatura de proveedores<\/div>\n                                    <div class=\"cta--icon\">\n                                        <svg width=\"18\" height=\"14\" viewBox=\"0 0 18 14\" fill=\"none\" xmlns=\"http:\/\/www.w3.org\/2000\/svg\">\n                                            <path fill-rule=\"evenodd\" clip-rule=\"evenodd\" d=\"M16.986 7.57329L17.6447 7.00601L17.0021 6.4506C16.992 6.4414 16.9817 6.43247 16.9711 6.42382L10.4616 0.797577C10.1482 0.526716 9.67463 0.561185 9.40377 0.874566C9.13291 1.18795 9.16737 1.66157 9.48076 1.93243L14.4815 6.25465L0.75 6.25465C0.335787 6.25465 2.09475e-08 6.59044 0 7.00465C-2.09484e-08 7.41886 0.335787 7.75465 0.75 7.75465L14.4769 7.75465L12.7444 9.24672L12.7434 9.24758L9.48075 12.0676C9.16737 12.3384 9.13291 12.8121 9.40377 13.1254C9.67463 13.4388 10.1482 13.4733 10.4616 13.2024L13.7233 10.3833L13.7243 10.3824L16.986 7.57329Z\" fill=\"#FFF\"\/>\n                                        <\/svg>\n                                    <\/div>\n                                <\/a>\n                                                <\/div>\n                    <\/div>\n                <\/div>\n            <\/div>\n        <\/div>\n    <\/div>\n<\/section>","protected":false},"excerpt":{"rendered":"","protected":false},"author":2,"featured_media":0,"parent":0,"menu_order":0,"comment_status":"closed","ping_status":"closed","template":"","meta":{"_acf_changed":false,"footnotes":""},"class_list":["post-86243","page","type-page","status-publish","hentry"],"acf":[],"yoast_head":"<!-- This site is optimized with the Yoast SEO plugin v25.3.1 - https:\/\/yoast.com\/wordpress\/plugins\/seo\/ -->\n<title>Contactos - Cannamela<\/title>\n<meta name=\"description\" content=\"Contattaci per ricevere informazioni o per inviarci una comunicazione, compila il form presente in questa pagina.\" \/>\n<meta name=\"robots\" content=\"index, follow, max-snippet:-1, max-image-preview:large, max-video-preview:-1\" \/>\n<link rel=\"canonical\" href=\"https:\/\/www.cannamela.it\/es\/contacts\/\" \/>\n<meta property=\"og:locale\" content=\"es_ES\" \/>\n<meta property=\"og:type\" content=\"article\" \/>\n<meta property=\"og:title\" content=\"Contactos - Cannamela\" \/>\n<meta property=\"og:description\" content=\"Contattaci per ricevere informazioni o per inviarci una comunicazione, compila il form presente in questa pagina.\" \/>\n<meta property=\"og:url\" content=\"https:\/\/www.cannamela.it\/es\/contacts\/\" \/>\n<meta property=\"og:site_name\" content=\"Cannamela\" \/>\n<meta property=\"article:publisher\" content=\"https:\/\/www.facebook.com\/cannamela.spezie\/\" \/>\n<meta property=\"article:modified_time\" content=\"2022-10-11T14:03:23+00:00\" \/>\n<meta name=\"twitter:card\" content=\"summary_large_image\" \/>\n<script type=\"application\/ld+json\" class=\"yoast-schema-graph\">{\"@context\":\"https:\/\/schema.org\",\"@graph\":[{\"@type\":[\"WebPage\",\"ContactPage\"],\"@id\":\"https:\/\/www.cannamela.it\/es\/contacts\/\",\"url\":\"https:\/\/www.cannamela.it\/es\/contacts\/\",\"name\":\"Contactos - Cannamela\",\"isPartOf\":{\"@id\":\"https:\/\/www.cannamela.it\/es\/#website\"},\"datePublished\":\"2022-04-07T10:32:09+00:00\",\"dateModified\":\"2022-10-11T14:03:23+00:00\",\"description\":\"Contattaci per ricevere informazioni o per inviarci una comunicazione, compila il form presente in questa pagina.\",\"inLanguage\":\"es\",\"potentialAction\":[{\"@type\":\"ReadAction\",\"target\":[\"https:\/\/www.cannamela.it\/es\/contacts\/\"]}]},{\"@type\":\"WebSite\",\"@id\":\"https:\/\/www.cannamela.it\/es\/#website\",\"url\":\"https:\/\/www.cannamela.it\/es\/\",\"name\":\"Cannamela\",\"description\":\"Un nuovo sito targato WordPress\",\"publisher\":{\"@id\":\"https:\/\/www.cannamela.it\/es\/#organization\"},\"potentialAction\":[{\"@type\":\"SearchAction\",\"target\":{\"@type\":\"EntryPoint\",\"urlTemplate\":\"https:\/\/www.cannamela.it\/es\/?s={search_term_string}\"},\"query-input\":{\"@type\":\"PropertyValueSpecification\",\"valueRequired\":true,\"valueName\":\"search_term_string\"}}],\"inLanguage\":\"es\"},{\"@type\":\"Organization\",\"@id\":\"https:\/\/www.cannamela.it\/es\/#organization\",\"name\":\"Cannamela\",\"url\":\"https:\/\/www.cannamela.it\/es\/\",\"logo\":{\"@type\":\"ImageObject\",\"inLanguage\":\"es\",\"@id\":\"https:\/\/www.cannamela.it\/es\/#\/schema\/logo\/image\/\",\"url\":\"https:\/\/www.cannamela.it\/wp-content\/uploads\/2025\/11\/cropped-cropped-Cannamela_logo_326x72.png\",\"contentUrl\":\"https:\/\/www.cannamela.it\/wp-content\/uploads\/2025\/11\/cropped-cropped-Cannamela_logo_326x72.png\",\"width\":1359,\"height\":300,\"caption\":\"Cannamela\"},\"image\":{\"@id\":\"https:\/\/www.cannamela.it\/es\/#\/schema\/logo\/image\/\"},\"sameAs\":[\"https:\/\/www.facebook.com\/cannamela.spezie\/\",\"https:\/\/www.instagram.com\/cannamela_official\/?hl=it\"]}]}<\/script>\n<!-- \/ Yoast SEO plugin. -->","yoast_head_json":{"title":"Contactos - Cannamela","description":"Contattaci per ricevere informazioni o per inviarci una comunicazione, compila il form presente in questa pagina.","robots":{"index":"index","follow":"follow","max-snippet":"max-snippet:-1","max-image-preview":"max-image-preview:large","max-video-preview":"max-video-preview:-1"},"canonical":"https:\/\/www.cannamela.it\/es\/contacts\/","og_locale":"es_ES","og_type":"article","og_title":"Contactos - Cannamela","og_description":"Contattaci per ricevere informazioni o per inviarci una comunicazione, compila il form presente in questa pagina.","og_url":"https:\/\/www.cannamela.it\/es\/contacts\/","og_site_name":"Cannamela","article_publisher":"https:\/\/www.facebook.com\/cannamela.spezie\/","article_modified_time":"2022-10-11T14:03:23+00:00","twitter_card":"summary_large_image","schema":{"@context":"https:\/\/schema.org","@graph":[{"@type":["WebPage","ContactPage"],"@id":"https:\/\/www.cannamela.it\/es\/contacts\/","url":"https:\/\/www.cannamela.it\/es\/contacts\/","name":"Contactos - Cannamela","isPartOf":{"@id":"https:\/\/www.cannamela.it\/es\/#website"},"datePublished":"2022-04-07T10:32:09+00:00","dateModified":"2022-10-11T14:03:23+00:00","description":"Contattaci per ricevere informazioni o per inviarci una comunicazione, compila il form presente in questa pagina.","inLanguage":"es","potentialAction":[{"@type":"ReadAction","target":["https:\/\/www.cannamela.it\/es\/contacts\/"]}]},{"@type":"WebSite","@id":"https:\/\/www.cannamela.it\/es\/#website","url":"https:\/\/www.cannamela.it\/es\/","name":"Cannamela","description":"Un nuovo sito targato WordPress","publisher":{"@id":"https:\/\/www.cannamela.it\/es\/#organization"},"potentialAction":[{"@type":"SearchAction","target":{"@type":"EntryPoint","urlTemplate":"https:\/\/www.cannamela.it\/es\/?s={search_term_string}"},"query-input":{"@type":"PropertyValueSpecification","valueRequired":true,"valueName":"search_term_string"}}],"inLanguage":"es"},{"@type":"Organization","@id":"https:\/\/www.cannamela.it\/es\/#organization","name":"Cannamela","url":"https:\/\/www.cannamela.it\/es\/","logo":{"@type":"ImageObject","inLanguage":"es","@id":"https:\/\/www.cannamela.it\/es\/#\/schema\/logo\/image\/","url":"https:\/\/www.cannamela.it\/wp-content\/uploads\/2025\/11\/cropped-cropped-Cannamela_logo_326x72.png","contentUrl":"https:\/\/www.cannamela.it\/wp-content\/uploads\/2025\/11\/cropped-cropped-Cannamela_logo_326x72.png","width":1359,"height":300,"caption":"Cannamela"},"image":{"@id":"https:\/\/www.cannamela.it\/es\/#\/schema\/logo\/image\/"},"sameAs":["https:\/\/www.facebook.com\/cannamela.spezie\/","https:\/\/www.instagram.com\/cannamela_official\/?hl=it"]}]}},"_links":{"self":[{"href":"https:\/\/www.cannamela.it\/es\/wp-json\/wp\/v2\/pages\/86243","targetHints":{"allow":["GET"]}}],"collection":[{"href":"https:\/\/www.cannamela.it\/es\/wp-json\/wp\/v2\/pages"}],"about":[{"href":"https:\/\/www.cannamela.it\/es\/wp-json\/wp\/v2\/types\/page"}],"author":[{"embeddable":true,"href":"https:\/\/www.cannamela.it\/es\/wp-json\/wp\/v2\/users\/2"}],"replies":[{"embeddable":true,"href":"https:\/\/www.cannamela.it\/es\/wp-json\/wp\/v2\/comments?post=86243"}],"version-history":[{"count":7,"href":"https:\/\/www.cannamela.it\/es\/wp-json\/wp\/v2\/pages\/86243\/revisions"}],"predecessor-version":[{"id":87374,"href":"https:\/\/www.cannamela.it\/es\/wp-json\/wp\/v2\/pages\/86243\/revisions\/87374"}],"wp:attachment":[{"href":"https:\/\/www.cannamela.it\/es\/wp-json\/wp\/v2\/media?parent=86243"}],"curies":[{"name":"wp","href":"https:\/\/api.w.org\/{rel}","templated":true}]}}