{"id":86046,"date":"2022-05-18T16:17:00","date_gmt":"2022-05-18T14:17:00","guid":{"rendered":"https:\/\/www.cannamela.it\/prodotti\/ricette-facili\/"},"modified":"2022-09-12T14:52:12","modified_gmt":"2022-09-12T12:52:12","slug":"recetas-faciles","status":"publish","type":"product","link":"https:\/\/www.cannamela.it\/es\/productos\/recetas-faciles\/","title":{"rendered":"Recetas f\u00e1ciles"},"excerpt":{"rendered":"<p>Una l\u00ednea de recetas sencillas, r\u00e1pidas y sabrosas<\/p>\n","protected":false},"featured_media":85748,"parent":0,"menu_order":0,"template":"page-templates\/page-line.php","product_type":[198],"product_category":[210,211,212,213],"class_list":["post-86046","product","type-product","status-publish","has-post-thumbnail","hentry","product_type-line","product_category-mezcla-para-ensaladas","product_category-pan-rallado-de-maiz","product_category-primeros-platos","product_category-segundos-platos"],"acf":[],"yoast_head":"<!-- This site is optimized with the Yoast SEO plugin v25.3.1 - https:\/\/yoast.com\/wordpress\/plugins\/seo\/ -->\n<title>Recetas f\u00e1ciles - Cannamela<\/title>\n<meta name=\"description\" content=\"Nella linea Ricette Facili troverai tante soluzioni 100% naturali per preparare primi, secondi e gustose insalate in un batter d&#039;occhio.\" \/>\n<meta name=\"robots\" content=\"index, follow, max-snippet:-1, max-image-preview:large, max-video-preview:-1\" \/>\n<link rel=\"canonical\" href=\"https:\/\/www.cannamela.it\/es\/productos\/recetas-faciles\/\" \/>\n<meta property=\"og:locale\" content=\"es_ES\" \/>\n<meta property=\"og:type\" content=\"article\" \/>\n<meta property=\"og:title\" content=\"Recetas f\u00e1ciles - Cannamela\" \/>\n<meta property=\"og:description\" content=\"Nella linea Ricette Facili troverai tante soluzioni 100% naturali per preparare primi, secondi e gustose insalate in un batter d&#039;occhio.\" \/>\n<meta property=\"og:url\" content=\"https:\/\/www.cannamela.it\/es\/productos\/recetas-faciles\/\" \/>\n<meta property=\"og:site_name\" content=\"Cannamela\" \/>\n<meta property=\"article:publisher\" content=\"https:\/\/www.facebook.com\/cannamela.spezie\/\" \/>\n<meta property=\"article:modified_time\" content=\"2022-09-12T12:52:12+00:00\" \/>\n<meta property=\"og:image\" content=\"https:\/\/www.cannamela.it\/wp-content\/uploads\/2022\/05\/Ricette-Facili_3_all.png\" \/>\n\t<meta property=\"og:image:width\" content=\"1084\" \/>\n\t<meta property=\"og:image:height\" content=\"1084\" \/>\n\t<meta property=\"og:image:type\" content=\"image\/png\" \/>\n<meta name=\"twitter:card\" content=\"summary_large_image\" \/>\n<script type=\"application\/ld+json\" class=\"yoast-schema-graph\">{\"@context\":\"https:\/\/schema.org\",\"@graph\":[{\"@type\":\"WebPage\",\"@id\":\"https:\/\/www.cannamela.it\/es\/productos\/recetas-faciles\/\",\"url\":\"https:\/\/www.cannamela.it\/es\/productos\/recetas-faciles\/\",\"name\":\"Recetas f\u00e1ciles - Cannamela\",\"isPartOf\":{\"@id\":\"https:\/\/www.cannamela.it\/es\/#website\"},\"primaryImageOfPage\":{\"@id\":\"https:\/\/www.cannamela.it\/es\/productos\/recetas-faciles\/#primaryimage\"},\"image\":{\"@id\":\"https:\/\/www.cannamela.it\/es\/productos\/recetas-faciles\/#primaryimage\"},\"thumbnailUrl\":\"https:\/\/www.cannamela.it\/wp-content\/uploads\/2022\/05\/Ricette-Facili_3_all.png\",\"datePublished\":\"2022-05-18T14:17:00+00:00\",\"dateModified\":\"2022-09-12T12:52:12+00:00\",\"description\":\"Nella linea Ricette Facili troverai tante soluzioni 100% naturali per preparare primi, secondi e gustose insalate in un batter d'occhio.\",\"inLanguage\":\"es\",\"potentialAction\":[{\"@type\":\"ReadAction\",\"target\":[\"https:\/\/www.cannamela.it\/es\/productos\/recetas-faciles\/\"]}]},{\"@type\":\"ImageObject\",\"inLanguage\":\"es\",\"@id\":\"https:\/\/www.cannamela.it\/es\/productos\/recetas-faciles\/#primaryimage\",\"url\":\"https:\/\/www.cannamela.it\/wp-content\/uploads\/2022\/05\/Ricette-Facili_3_all.png\",\"contentUrl\":\"https:\/\/www.cannamela.it\/wp-content\/uploads\/2022\/05\/Ricette-Facili_3_all.png\",\"width\":1084,\"height\":1084,\"caption\":\"Ricette Facili\"},{\"@type\":\"WebSite\",\"@id\":\"https:\/\/www.cannamela.it\/es\/#website\",\"url\":\"https:\/\/www.cannamela.it\/es\/\",\"name\":\"Cannamela\",\"description\":\"Un nuovo sito targato WordPress\",\"publisher\":{\"@id\":\"https:\/\/www.cannamela.it\/es\/#organization\"},\"potentialAction\":[{\"@type\":\"SearchAction\",\"target\":{\"@type\":\"EntryPoint\",\"urlTemplate\":\"https:\/\/www.cannamela.it\/es\/?s={search_term_string}\"},\"query-input\":{\"@type\":\"PropertyValueSpecification\",\"valueRequired\":true,\"valueName\":\"search_term_string\"}}],\"inLanguage\":\"es\"},{\"@type\":\"Organization\",\"@id\":\"https:\/\/www.cannamela.it\/es\/#organization\",\"name\":\"Cannamela\",\"url\":\"https:\/\/www.cannamela.it\/es\/\",\"logo\":{\"@type\":\"ImageObject\",\"inLanguage\":\"es\",\"@id\":\"https:\/\/www.cannamela.it\/es\/#\/schema\/logo\/image\/\",\"url\":\"https:\/\/www.cannamela.it\/wp-content\/uploads\/2025\/11\/cropped-cropped-Cannamela_logo_326x72.png\",\"contentUrl\":\"https:\/\/www.cannamela.it\/wp-content\/uploads\/2025\/11\/cropped-cropped-Cannamela_logo_326x72.png\",\"width\":1359,\"height\":300,\"caption\":\"Cannamela\"},\"image\":{\"@id\":\"https:\/\/www.cannamela.it\/es\/#\/schema\/logo\/image\/\"},\"sameAs\":[\"https:\/\/www.facebook.com\/cannamela.spezie\/\",\"https:\/\/www.instagram.com\/cannamela_official\/?hl=it\"]}]}<\/script>\n<!-- \/ Yoast SEO plugin. -->","yoast_head_json":{"title":"Recetas f\u00e1ciles - Cannamela","description":"Nella linea Ricette Facili troverai tante soluzioni 100% naturali per preparare primi, secondi e gustose insalate in un batter d'occhio.","robots":{"index":"index","follow":"follow","max-snippet":"max-snippet:-1","max-image-preview":"max-image-preview:large","max-video-preview":"max-video-preview:-1"},"canonical":"https:\/\/www.cannamela.it\/es\/productos\/recetas-faciles\/","og_locale":"es_ES","og_type":"article","og_title":"Recetas f\u00e1ciles - Cannamela","og_description":"Nella linea Ricette Facili troverai tante soluzioni 100% naturali per preparare primi, secondi e gustose insalate in un batter d'occhio.","og_url":"https:\/\/www.cannamela.it\/es\/productos\/recetas-faciles\/","og_site_name":"Cannamela","article_publisher":"https:\/\/www.facebook.com\/cannamela.spezie\/","article_modified_time":"2022-09-12T12:52:12+00:00","og_image":[{"width":1084,"height":1084,"url":"https:\/\/www.cannamela.it\/wp-content\/uploads\/2022\/05\/Ricette-Facili_3_all.png","type":"image\/png"}],"twitter_card":"summary_large_image","schema":{"@context":"https:\/\/schema.org","@graph":[{"@type":"WebPage","@id":"https:\/\/www.cannamela.it\/es\/productos\/recetas-faciles\/","url":"https:\/\/www.cannamela.it\/es\/productos\/recetas-faciles\/","name":"Recetas f\u00e1ciles - Cannamela","isPartOf":{"@id":"https:\/\/www.cannamela.it\/es\/#website"},"primaryImageOfPage":{"@id":"https:\/\/www.cannamela.it\/es\/productos\/recetas-faciles\/#primaryimage"},"image":{"@id":"https:\/\/www.cannamela.it\/es\/productos\/recetas-faciles\/#primaryimage"},"thumbnailUrl":"https:\/\/www.cannamela.it\/wp-content\/uploads\/2022\/05\/Ricette-Facili_3_all.png","datePublished":"2022-05-18T14:17:00+00:00","dateModified":"2022-09-12T12:52:12+00:00","description":"Nella linea Ricette Facili troverai tante soluzioni 100% naturali per preparare primi, secondi e gustose insalate in un batter d'occhio.","inLanguage":"es","potentialAction":[{"@type":"ReadAction","target":["https:\/\/www.cannamela.it\/es\/productos\/recetas-faciles\/"]}]},{"@type":"ImageObject","inLanguage":"es","@id":"https:\/\/www.cannamela.it\/es\/productos\/recetas-faciles\/#primaryimage","url":"https:\/\/www.cannamela.it\/wp-content\/uploads\/2022\/05\/Ricette-Facili_3_all.png","contentUrl":"https:\/\/www.cannamela.it\/wp-content\/uploads\/2022\/05\/Ricette-Facili_3_all.png","width":1084,"height":1084,"caption":"Ricette Facili"},{"@type":"WebSite","@id":"https:\/\/www.cannamela.it\/es\/#website","url":"https:\/\/www.cannamela.it\/es\/","name":"Cannamela","description":"Un nuovo sito targato WordPress","publisher":{"@id":"https:\/\/www.cannamela.it\/es\/#organization"},"potentialAction":[{"@type":"SearchAction","target":{"@type":"EntryPoint","urlTemplate":"https:\/\/www.cannamela.it\/es\/?s={search_term_string}"},"query-input":{"@type":"PropertyValueSpecification","valueRequired":true,"valueName":"search_term_string"}}],"inLanguage":"es"},{"@type":"Organization","@id":"https:\/\/www.cannamela.it\/es\/#organization","name":"Cannamela","url":"https:\/\/www.cannamela.it\/es\/","logo":{"@type":"ImageObject","inLanguage":"es","@id":"https:\/\/www.cannamela.it\/es\/#\/schema\/logo\/image\/","url":"https:\/\/www.cannamela.it\/wp-content\/uploads\/2025\/11\/cropped-cropped-Cannamela_logo_326x72.png","contentUrl":"https:\/\/www.cannamela.it\/wp-content\/uploads\/2025\/11\/cropped-cropped-Cannamela_logo_326x72.png","width":1359,"height":300,"caption":"Cannamela"},"image":{"@id":"https:\/\/www.cannamela.it\/es\/#\/schema\/logo\/image\/"},"sameAs":["https:\/\/www.facebook.com\/cannamela.spezie\/","https:\/\/www.instagram.com\/cannamela_official\/?hl=it"]}]}},"_links":{"self":[{"href":"https:\/\/www.cannamela.it\/es\/wp-json\/wp\/v2\/product\/86046","targetHints":{"allow":["GET"]}}],"collection":[{"href":"https:\/\/www.cannamela.it\/es\/wp-json\/wp\/v2\/product"}],"about":[{"href":"https:\/\/www.cannamela.it\/es\/wp-json\/wp\/v2\/types\/product"}],"version-history":[{"count":1,"href":"https:\/\/www.cannamela.it\/es\/wp-json\/wp\/v2\/product\/86046\/revisions"}],"predecessor-version":[{"id":86047,"href":"https:\/\/www.cannamela.it\/es\/wp-json\/wp\/v2\/product\/86046\/revisions\/86047"}],"wp:featuredmedia":[{"embeddable":true,"href":"https:\/\/www.cannamela.it\/es\/wp-json\/wp\/v2\/media\/85748"}],"wp:attachment":[{"href":"https:\/\/www.cannamela.it\/es\/wp-json\/wp\/v2\/media?parent=86046"}],"wp:term":[{"taxonomy":"product_type","embeddable":true,"href":"https:\/\/www.cannamela.it\/es\/wp-json\/wp\/v2\/product_type?post=86046"},{"taxonomy":"product_category","embeddable":true,"href":"https:\/\/www.cannamela.it\/es\/wp-json\/wp\/v2\/product_category?post=86046"}],"curies":[{"name":"wp","href":"https:\/\/api.w.org\/{rel}","templated":true}]}}